{"id":664,"date":"2014-07-31T12:28:42","date_gmt":"2014-07-31T10:28:42","guid":{"rendered":"http:\/\/www.tmkmichaelbeuern.at\/wp\/?page_id=664"},"modified":"2019-08-23T10:35:05","modified_gmt":"2019-08-23T08:35:05","slug":"tmk-shop","status":"publish","type":"page","link":"https:\/\/www.tmkmichaelbeuern.at\/wp\/tmk-shop\/","title":{"rendered":"Unsere Tracht"},"content":{"rendered":"<h1><strong>Am 28. April 2019 war es so weit &#8211; die Pr\u00e4sentation unserer neuen Tracht!<\/strong><\/h1>\n<p>Uns war es ein besonderes Anliegen dieses Ereignis mit allen Freunden der Trachtenmusikkapelle Michaelbeuern zu feiern.<br \/>\nDer Tag begann mit der Feier der hl. Messe mit musikalischer Umrahmung durch die TMK. Anschlie\u00dfend wurde die neue Tracht eingeweiht.<br \/>\nWeiters folgte eine Marsch-Vorf\u00fchrung der TMK sowie ein Konzert des Jugendorchesters, bevor der Tag gem\u00fctlich ausklang.<\/p>\n<p>&nbsp;<\/p>\n<p>Wir sind sehr stolz berichten zu k\u00f6nnen, dass dieses gro\u00dfe Projekt aufgrund der enormen\u00a0\ufb01nanziellen Zuwen dungen vieler Spender fast zur G\u00e4nze aus\ufb01nanziert ist.<br \/>\nWir bedanken uns auf das Herzlichste bei allen Firmen, Eltern und Gro\u00dfeltern von Musikerinnen und Musikern, vielen Privatpersonen sowie bei allen G\u00f6nnern, die uns am 1. Mai ein Rekordergebnis beschert haben.<br \/>\nEin weiteres Dankesch\u00f6n gilt der Gemeinde Dorfbeuern, mit unserem B\u00fcrgermeister und der Gemeindevertretung, f\u00fcr die au\u00dfergew\u00f6hnlich hohe F\u00f6rderung.<\/p>\n<p>Ohne <strong>EUCH<\/strong> w\u00e4re dieses Projekt nicht umsetzbar gewesen!<\/p>\n<p>Insbesondere m\u00f6chten wir uns noch bei den zahlreichen Firmen und auch Privatpersonen \u00fcber Sponsoring kompletter Damen- und Herrentrachten bedanken:<\/p>\n\n<table id=\"tablepress-3\" class=\"tablepress tablepress-id-3\">\n<thead>\n<tr class=\"row-1\">\n\t<th class=\"column-1\">SponsorIn<\/th><th class=\"column-2\">Ort<\/th><th class=\"column-3\">F\u00fcr Musiker<\/th>\n<\/tr>\n<\/thead>\n<tbody class=\"row-striping row-hover\">\n<tr class=\"row-2\">\n\t<td class=\"column-1\">M. Lienbacher GmbH<\/td><td class=\"column-2\">Palting<\/td><td class=\"column-3\">Josef Buchner<\/td>\n<\/tr>\n<tr class=\"row-3\">\n\t<td class=\"column-1\">Plansky &amp; Guggenberger GmbH<\/td><td class=\"column-2\">Berndorf<\/td><td class=\"column-3\">Lukas Plansky<\/td>\n<\/tr>\n<tr class=\"row-4\">\n\t<td class=\"column-1\">Neureiter GmbH<\/td><td class=\"column-2\">St. Georgen<\/td><td class=\"column-3\">Gerhard Wimmer<\/td>\n<\/tr>\n<tr class=\"row-5\">\n\t<td class=\"column-1\">Huber GmbH<\/td><td class=\"column-2\">Moosdorf<\/td><td class=\"column-3\">Ludwig Schwaighofer<\/td>\n<\/tr>\n<tr class=\"row-6\">\n\t<td class=\"column-1\">Gasthaus Felber<\/td><td class=\"column-2\">Dorfbeuern<\/td><td class=\"column-3\">Johann Haberl<\/td>\n<\/tr>\n<tr class=\"row-7\">\n\t<td class=\"column-1\">Guggenberger Erdbau GmbH<\/td><td class=\"column-2\">Vorau<\/td><td class=\"column-3\">Lukas Guggenberger<\/td>\n<\/tr>\n<tr class=\"row-8\">\n\t<td class=\"column-1\">Oitner Bau GmbH<\/td><td class=\"column-2\">Perwang<\/td><td class=\"column-3\">Hans-J\u00fcrgen Eder<\/td>\n<\/tr>\n<tr class=\"row-9\">\n\t<td class=\"column-1\">Raiffeisenbank Michaelbeuern<\/td><td class=\"column-2\">Michaelbeuern<\/td><td class=\"column-3\">Stefan Baumgartner<\/td>\n<\/tr>\n<tr class=\"row-10\">\n\t<td class=\"column-1\">Metzgerei Graf<\/td><td class=\"column-2\">Munderfing<\/td><td class=\"column-3\">Johann Kohlbacher<\/td>\n<\/tr>\n<tr class=\"row-11\">\n\t<td class=\"column-1\">Shiatsu Rosa Wimmer<\/td><td class=\"column-2\">Thalhausen<\/td><td class=\"column-3\">Roland Haberl<\/td>\n<\/tr>\n<tr class=\"row-12\">\n\t<td class=\"column-1\">Fa. Pansound e.U.<\/td><td class=\"column-2\">St. Georgen<\/td><td class=\"column-3\">Manuel Kohlbacher<\/td>\n<\/tr>\n<tr class=\"row-13\">\n\t<td class=\"column-1\">Sch\u00f6sswender M\u00f6bel GmbH<\/td><td class=\"column-2\">Franking<\/td><td class=\"column-3\">Fritz Scharl<\/td>\n<\/tr>\n<tr class=\"row-14\">\n\t<td class=\"column-1\">Sch\u00f6sswender M\u00f6bel GmbH<\/td><td class=\"column-2\">Franking<\/td><td class=\"column-3\">Julia Feichtenschlager<\/td>\n<\/tr>\n<tr class=\"row-15\">\n\t<td class=\"column-1\">Vereinsausstattung Kornbichler OG<\/td><td class=\"column-2\">Michaelbeuern<\/td><td class=\"column-3\">Andreas Reichl<\/td>\n<\/tr>\n<tr class=\"row-16\">\n\t<td class=\"column-1\">Amalia Kr\u00f6gner<\/td><td class=\"column-2\">Dorfbeuern<\/td><td class=\"column-3\">Siegfried Kornbichler<\/td>\n<\/tr>\n<tr class=\"row-17\">\n\t<td class=\"column-1\">Rosina Heinrich<\/td><td class=\"column-2\">Vorau<\/td><td class=\"column-3\">Martin Altenberger<\/td>\n<\/tr>\n<tr class=\"row-18\">\n\t<td class=\"column-1\">Egger Hans<\/td><td class=\"column-2\">Arnsdorf<\/td><td class=\"column-3\">Hans Egger<\/td>\n<\/tr>\n<tr class=\"row-19\">\n\t<td class=\"column-1\">Egger Rosa<\/td><td class=\"column-2\">Arnsdorf<\/td><td class=\"column-3\">Laura Egger<\/td>\n<\/tr>\n<tr class=\"row-20\">\n\t<td class=\"column-1\">Stift Michaelbeuern<\/td><td class=\"column-2\">Michaelbeuern<\/td><td class=\"column-3\">Jakob Kohlbacher<\/td>\n<\/tr>\n<tr class=\"row-21\">\n\t<td class=\"column-1\">Armstorfer Linde<\/td><td class=\"column-2\">Michaelbeuern<\/td><td class=\"column-3\">Felix Armstorfer<\/td>\n<\/tr>\n<tr class=\"row-22\">\n\t<td class=\"column-1\">Wimmer Johanna<\/td><td class=\"column-2\">Dorfbeuern<\/td><td class=\"column-3\">Rupert Wimmer<\/td>\n<\/tr>\n<tr class=\"row-23\">\n\t<td class=\"column-1\">Reichl Hannes u. Sieglinde<\/td><td class=\"column-2\">Vorau<\/td><td class=\"column-3\">Gerhard Trischitz<\/td>\n<\/tr>\n<tr class=\"row-24\">\n\t<td class=\"column-1\">Frauenbewegung Michaelbeuern<\/td><td class=\"column-2\">Michaelbeuern<\/td><td class=\"column-3\">Rosemarie Wei\u00df<\/td>\n<\/tr>\n<tr class=\"row-25\">\n\t<td class=\"column-1\">Enkner Johann sen.<\/td><td class=\"column-2\">Vorau<\/td><td class=\"column-3\">Johann Enkner jun.<\/td>\n<\/tr>\n<tr class=\"row-26\">\n\t<td class=\"column-1\">Familie Fokter<\/td><td class=\"column-2\">Gresenberg<\/td><td class=\"column-3\">Agnes Fokter<\/td>\n<\/tr>\n<tr class=\"row-27\">\n\t<td class=\"column-1\">Pirker Helga &amp; Inhauser Leopold<\/td><td class=\"column-2\">Michaelbeuern<\/td><td class=\"column-3\">Tobias Mosshammer<\/td>\n<\/tr>\n<\/tbody>\n<\/table>\n<!-- #tablepress-3 from cache -->\n<p>&nbsp;<\/p>\n<p>Aber wie bereits oben erw\u00e4hnt, bedanken wir uns bei allen Spendern und Sponsoren sehr herzlich!<\/p>\n<p>&nbsp;<\/p>\n<p>Die Neueinkleidung war ein erster Schritt hinsichtlich unseres 150-j\u00e4hrigen Gr\u00fcndungsjubil\u00e4um, mit 45 Jahre Neugr\u00fcndung, am 22. bis 24. Mai 2020.<\/p>\n<p>&nbsp;<\/p>\n<p>Vielen Dank f\u00fcr euer Vertrauen und die gro\u00dfartige Freundschaft zur Musikkapelle.<\/p>\n<p>&nbsp;<\/p>\nngg_shortcode_0_placeholder\n<p>&nbsp;<\/p>\n<p>Anbei noch ein Video aufgenommen bei der Trachtenpr\u00e4sentation:<\/p>\n<div style=\"width: 640px;\" class=\"wp-video\"><video class=\"wp-video-shortcode\" id=\"video-664-1\" width=\"640\" height=\"360\" preload=\"metadata\" controls=\"controls\"><source type=\"video\/mp4\" src=\"https:\/\/www.tmkmichaelbeuern.at\/wp\/wp-content\/uploads\/2019\/08\/TrachtvorstellungSchnecke.mp4?_=1\" \/><a href=\"https:\/\/www.tmkmichaelbeuern.at\/wp\/wp-content\/uploads\/2019\/08\/TrachtvorstellungSchnecke.mp4\">https:\/\/www.tmkmichaelbeuern.at\/wp\/wp-content\/uploads\/2019\/08\/TrachtvorstellungSchnecke.mp4<\/a><\/video><\/div>\n","protected":false},"excerpt":{"rendered":"<p>Am 28. April 2019 war es so weit &#8211; die Pr\u00e4sentation unserer neuen Tracht! Uns war es ein besonderes Anliegen dieses Ereignis mit allen Freunden der Trachtenmusikkapelle Michaelbeuern zu feiern. Der Tag begann mit der Feier der hl. Messe mit musikalischer Umrahmung durch die TMK. Anschlie\u00dfend wurde die neue Tracht eingeweiht. Weiters folgte eine Marsch-Vorf\u00fchrung [&hellip;]<\/p>\n","protected":false},"author":1,"featured_media":0,"parent":0,"menu_order":0,"comment_status":"open","ping_status":"open","template":"","meta":{"ngg_post_thumbnail":0,"footnotes":""},"class_list":["post-664","page","type-page","status-publish","hentry"],"_links":{"self":[{"href":"https:\/\/www.tmkmichaelbeuern.at\/wp\/wp-json\/wp\/v2\/pages\/664","targetHints":{"allow":["GET"]}}],"collection":[{"href":"https:\/\/www.tmkmichaelbeuern.at\/wp\/wp-json\/wp\/v2\/pages"}],"about":[{"href":"https:\/\/www.tmkmichaelbeuern.at\/wp\/wp-json\/wp\/v2\/types\/page"}],"author":[{"embeddable":true,"href":"https:\/\/www.tmkmichaelbeuern.at\/wp\/wp-json\/wp\/v2\/users\/1"}],"replies":[{"embeddable":true,"href":"https:\/\/www.tmkmichaelbeuern.at\/wp\/wp-json\/wp\/v2\/comments?post=664"}],"version-history":[{"count":41,"href":"https:\/\/www.tmkmichaelbeuern.at\/wp\/wp-json\/wp\/v2\/pages\/664\/revisions"}],"predecessor-version":[{"id":4186,"href":"https:\/\/www.tmkmichaelbeuern.at\/wp\/wp-json\/wp\/v2\/pages\/664\/revisions\/4186"}],"wp:attachment":[{"href":"https:\/\/www.tmkmichaelbeuern.at\/wp\/wp-json\/wp\/v2\/media?parent=664"}],"curies":[{"name":"wp","href":"https:\/\/api.w.org\/{rel}","templated":true}]}}